{"id":36,"date":"2021-12-15T23:11:25","date_gmt":"2021-12-15T22:11:25","guid":{"rendered":"https:\/\/vitruve-records.com\/wpvit\/?page_id=36"},"modified":"2023-01-21T01:43:58","modified_gmt":"2023-01-21T00:43:58","slug":"a-propos-de-nous","status":"publish","type":"page","link":"https:\/\/vitruve-records.com\/wpvit\/a-propos-de-nous\/","title":{"rendered":"A propos de nous&#8230;"},"content":{"rendered":"\n<div class=\"wp-block-columns is-layout-flex wp-container-core-columns-is-layout-9d6595d7 wp-block-columns-is-layout-flex\">\n<div class=\"wp-block-column is-layout-flow wp-block-column-is-layout-flow\" style=\"flex-basis:100%\">\n<div class=\"wp-block-columns is-layout-flex wp-container-core-columns-is-layout-9d6595d7 wp-block-columns-is-layout-flex\">\n<div class=\"wp-block-column is-layout-flow wp-block-column-is-layout-flow\" style=\"flex-basis:100%\"><div class=\"wp-block-image\">\n<figure class=\"alignleft size-full\"><img data-recalc-dims=\"1\" loading=\"lazy\" decoding=\"async\" width=\"400\" height=\"240\" src=\"https:\/\/i0.wp.com\/vitruve-records.com\/wpvit\/wp-content\/uploads\/2023\/01\/VITRUVE_RECORDS_web_logo_400-250.png?resize=400%2C240&#038;ssl=1\" alt=\"\" class=\"wp-image-569\" srcset=\"https:\/\/i0.wp.com\/vitruve-records.com\/wpvit\/wp-content\/uploads\/2023\/01\/VITRUVE_RECORDS_web_logo_400-250.png?w=400&amp;ssl=1 400w, https:\/\/i0.wp.com\/vitruve-records.com\/wpvit\/wp-content\/uploads\/2023\/01\/VITRUVE_RECORDS_web_logo_400-250.png?resize=300%2C180&amp;ssl=1 300w\" sizes=\"auto, (max-width: 400px) 100vw, 400px\" \/><\/figure>\n<\/div>\n\n\n<p class=\"has-text-align-left\">Fond\u00e9 en 2016 en plein milieu du creuset culturel de La Chaux-de-Fonds en Suisse, le label Vitruve Records tenu par 3 musiciens dont l&rsquo;amour de la musique n&rsquo;a d&rsquo;\u00e9gal que l&rsquo;\u00e9clectisme stylistique qui permet \u00e0 cette structure de proposer et de promouvoir un \u00e9ventail de styles sans cesse en \u00e9volution.<\/p>\n\n\n\n<p><\/p>\n\n\n\n<p><\/p>\n\n\n\n<p>Les journ\u00e9es n&rsquo;ayant que 24h dans nos contr\u00e9es, nous nous sommes pour l&rsquo;instant limit\u00e9s \u00e0 cr\u00e9er la structure pour y accueillir les artistes qui nous font vibrer et promouvoir leur production dans la mesure de nos moyens. A terme nous avons le souhait d&rsquo;int\u00e9grer un fonctionnement participatif afin d&rsquo;augmenter sensiblement le niveau d&rsquo;activit\u00e9 du label en y int\u00e9grant chaque repr\u00e9sentant de groupe en tant qu&rsquo;acteur de la structure.<\/p>\n\n\n\n<p>Le site internet sur lequel vous vous trouvez en ce moment est un projet de longue haleine qui permet, en plus de notre pr\u00e9sence dans la plupart des concerts des groupes de notre catalogue, de vendre et distribuer la musique de nos artistes \u00e0 l&rsquo;internationale.<\/p>\n\n\n\n<p>Nous sommes bien entendu toujours ouverts \u00e0 d\u00e9couvrir de nouveaux artistes de tous horizons, n&rsquo;h\u00e9sitez pas donc \u00e0 nous contacter via le formulaire.<\/p>\n\n\n\n<p>bonne \u00e9coute!<\/p>\n\n\n\n<p>David, Fred et Nef \/\/\/ Vitruve Records &#8211; 2022<\/p>\n<\/div>\n<\/div>\n<\/div>\n<\/div>\n","protected":false},"excerpt":{"rendered":"<p>Fond\u00e9 en 2016 en plein milieu du creuset culturel de La Chaux-de-Fonds en Suisse, le label Vitruve Records tenu par 3 musiciens dont l&rsquo;amour de la musique n&rsquo;a d&rsquo;\u00e9gal que&hellip; <\/p>\n<div class=\"readmore-wrapper\"><a href=\"https:\/\/vitruve-records.com\/wpvit\/a-propos-de-nous\/\" class=\"more-link\">Read <\/a><\/div>\n","protected":false},"author":1,"featured_media":0,"parent":0,"menu_order":0,"comment_status":"closed","ping_status":"closed","template":"","meta":{"jetpack_post_was_ever_published":false,"footnotes":""},"class_list":["post-36","page","type-page","status-publish","hentry"],"jetpack_sharing_enabled":true,"_links":{"self":[{"href":"https:\/\/vitruve-records.com\/wpvit\/wp-json\/wp\/v2\/pages\/36","targetHints":{"allow":["GET"]}}],"collection":[{"href":"https:\/\/vitruve-records.com\/wpvit\/wp-json\/wp\/v2\/pages"}],"about":[{"href":"https:\/\/vitruve-records.com\/wpvit\/wp-json\/wp\/v2\/types\/page"}],"author":[{"embeddable":true,"href":"https:\/\/vitruve-records.com\/wpvit\/wp-json\/wp\/v2\/users\/1"}],"replies":[{"embeddable":true,"href":"https:\/\/vitruve-records.com\/wpvit\/wp-json\/wp\/v2\/comments?post=36"}],"version-history":[{"count":21,"href":"https:\/\/vitruve-records.com\/wpvit\/wp-json\/wp\/v2\/pages\/36\/revisions"}],"predecessor-version":[{"id":595,"href":"https:\/\/vitruve-records.com\/wpvit\/wp-json\/wp\/v2\/pages\/36\/revisions\/595"}],"wp:attachment":[{"href":"https:\/\/vitruve-records.com\/wpvit\/wp-json\/wp\/v2\/media?parent=36"}],"curies":[{"name":"wp","href":"https:\/\/api.w.org\/{rel}","templated":true}]}}