{"id":427,"date":"2022-10-09T20:20:18","date_gmt":"2022-10-09T19:20:18","guid":{"rendered":"https:\/\/vitruve-records.com\/wpvit\/?page_id=427"},"modified":"2022-12-08T18:31:28","modified_gmt":"2022-12-08T17:31:28","slug":"nevborn","status":"publish","type":"page","link":"https:\/\/vitruve-records.com\/wpvit\/nevborn\/","title":{"rendered":"NevBorn"},"content":{"rendered":"\n<div style=\"height:22px\" aria-hidden=\"true\" class=\"wp-block-spacer\"><\/div>\n\n\n\n<h2 class=\"wp-block-heading\">Bio<\/h2>\n\n\n\n<p>Groupe de m\u00e9tal progressif (Circa survive, The Ocean, Tesseract, Agent Fresco, etc.) de Suisse occidentale. Bien qu\u2019inspir\u00e9s par de nombreuses sources diff\u00e9rentes, nos morceaux se d\u00e9marquent de par leur c\u00f4t\u00e9 narratif \u00e0 la mani\u00e8re d\u2019une bande originale de films.<\/p>\n\n\n\n<p>Notre premier album \u00ab Five Horizons \u00bb sorti en 2015 apr\u00e8s quelques d\u00e9mos a \u00e9t\u00e9 chaleureusement accueilli par la critique et nous a pouss\u00e9s \u00e0 aller plus loin dans notre d\u00e9marche cr\u00e9ative.<\/p>\n\n\n\n<p>En 2017, nous testons notre public en sortant \u00ab Da\u00eddalos \u00bb un EP d\u2019une chanson de pr\u00e8s de 20 minutes. Malgr\u00e9 notre crainte qu\u2019une pi\u00e8ce d\u2019une telle longueur ne passe pas, les critiques ont \u00e9t\u00e9 de notre c\u00f4t\u00e9.<\/p>\n\n\n\n<p>Ainsi, \u00ab Da\u00eddalos \u00bb a marqu\u00e9 un tournant dans l\u2019histoire du groupe et notre mani\u00e8re de compos\u00e9 s\u2019est concentr\u00e9e sur l\u2019id\u00e9e de proposer nos pi\u00e8ces non pas comme des morceaux de musique, mais bien comme une compilation de diff\u00e9rents chapitres d\u2019une longue histoire.<\/p>\n\n\n\n<h2 class=\"wp-block-heading\">Links<\/h2>\n\n\n\n<div class=\"wp-block-buttons is-layout-flex wp-block-buttons-is-layout-flex\">\n<div class=\"wp-block-button has-custom-font-size\" style=\"font-size:12px\"><a class=\"wp-block-button__link has-text-color has-background wp-element-button\" href=\"https:\/\/nevborn.com\/\" style=\"color:#ffffff;background-color:#000000\" target=\"_blank\" rel=\"noreferrer noopener\">site web<\/a><\/div>\n<\/div>\n\n\n\n<p><\/p>\n","protected":false},"excerpt":{"rendered":"<p>Bio Groupe de m\u00e9tal progressif (Circa survive, The Ocean, Tesseract, Agent Fresco, etc.) de Suisse occidentale. Bien qu\u2019inspir\u00e9s par de nombreuses sources diff\u00e9rentes, nos morceaux se d\u00e9marquent de par leur&hellip; <\/p>\n<div class=\"readmore-wrapper\"><a href=\"https:\/\/vitruve-records.com\/wpvit\/nevborn\/\" class=\"more-link\">Read <\/a><\/div>\n","protected":false},"author":1,"featured_media":0,"parent":0,"menu_order":0,"comment_status":"closed","ping_status":"closed","template":"","meta":{"jetpack_post_was_ever_published":false,"footnotes":""},"class_list":["post-427","page","type-page","status-publish","hentry"],"jetpack_sharing_enabled":true,"_links":{"self":[{"href":"https:\/\/vitruve-records.com\/wpvit\/wp-json\/wp\/v2\/pages\/427","targetHints":{"allow":["GET"]}}],"collection":[{"href":"https:\/\/vitruve-records.com\/wpvit\/wp-json\/wp\/v2\/pages"}],"about":[{"href":"https:\/\/vitruve-records.com\/wpvit\/wp-json\/wp\/v2\/types\/page"}],"author":[{"embeddable":true,"href":"https:\/\/vitruve-records.com\/wpvit\/wp-json\/wp\/v2\/users\/1"}],"replies":[{"embeddable":true,"href":"https:\/\/vitruve-records.com\/wpvit\/wp-json\/wp\/v2\/comments?post=427"}],"version-history":[{"count":4,"href":"https:\/\/vitruve-records.com\/wpvit\/wp-json\/wp\/v2\/pages\/427\/revisions"}],"predecessor-version":[{"id":465,"href":"https:\/\/vitruve-records.com\/wpvit\/wp-json\/wp\/v2\/pages\/427\/revisions\/465"}],"wp:attachment":[{"href":"https:\/\/vitruve-records.com\/wpvit\/wp-json\/wp\/v2\/media?parent=427"}],"curies":[{"name":"wp","href":"https:\/\/api.w.org\/{rel}","templated":true}]}}