{"id":619,"date":"2023-01-04T19:38:04","date_gmt":"2023-01-04T18:38:04","guid":{"rendered":"https:\/\/vitruve-records.com\/wpvit\/?page_id=619"},"modified":"2026-03-02T18:19:12","modified_gmt":"2026-03-02T17:19:12","slug":"human-greenhouse","status":"publish","type":"page","link":"https:\/\/vitruve-records.com\/wpvit\/human-greenhouse\/","title":{"rendered":"Human Greenhouse"},"content":{"rendered":"\n<div style=\"height:22px\" aria-hidden=\"true\" class=\"wp-block-spacer\"><\/div>\n\n\n\n<h2 class=\"wp-block-heading\">Bio<\/h2>\n\n\n\n<p>Human Greenhouse est un groupe de post-noise, infus\u00e9 aux post-metal, post-rock, ambiant et metal-prog. Apr\u00e8s avoir compos\u00e9 leur premier album entre 2020 et 2022, et avoir sorti une premi\u00e8re Live Session intitul\u00e9e Throughout the Vessels of Belief, le groupe change de cap en novembre 2023 avec un nouveau nom et une direction artistique affirm\u00e9e. Leur premier album Teegarden&rsquo;s Toll, sorti en d\u00e9cembre 2024, pose les bases d\u2019un monde fictif dans lequel des soci\u00e9t\u00e9s humaines \u00e9volueraient dans un environnement nouveau et lointain, suite \u00e0 la d\u00e9gradation de leur habitat sur terre. Un voyage sonore intense, \u00e0 la crois\u00e9e de la musique et du concept.<\/p>\n\n\n\n<h2 class=\"wp-block-heading\">Links<\/h2>\n\n\n\n<div class=\"wp-block-buttons is-layout-flex wp-block-buttons-is-layout-flex\">\n<div class=\"wp-block-button\"><a class=\"wp-block-button__link has-text-color has-background has-custom-font-size wp-element-button\" href=\"https:\/\/humangreenhouse.bandcamp.com\/\" style=\"color:#ffffff;background-color:#000000;font-size:12px\" target=\"_blank\" rel=\"noreferrer noopener\">site web<\/a><\/div>\n<\/div>\n\n\n\n<p><\/p>\n","protected":false},"excerpt":{"rendered":"<p>Bio Human Greenhouse est un groupe de post-noise, infus\u00e9 aux post-metal, post-rock, ambiant et metal-prog. Apr\u00e8s avoir compos\u00e9 leur premier album entre 2020 et 2022, et avoir sorti une premi\u00e8re&hellip; <\/p>\n<div class=\"readmore-wrapper\"><a href=\"https:\/\/vitruve-records.com\/wpvit\/human-greenhouse\/\" class=\"more-link\">Read <\/a><\/div>\n","protected":false},"author":1,"featured_media":0,"parent":0,"menu_order":0,"comment_status":"closed","ping_status":"closed","template":"","meta":{"jetpack_post_was_ever_published":false,"footnotes":""},"class_list":["post-619","page","type-page","status-publish","hentry"],"jetpack_sharing_enabled":true,"_links":{"self":[{"href":"https:\/\/vitruve-records.com\/wpvit\/wp-json\/wp\/v2\/pages\/619","targetHints":{"allow":["GET"]}}],"collection":[{"href":"https:\/\/vitruve-records.com\/wpvit\/wp-json\/wp\/v2\/pages"}],"about":[{"href":"https:\/\/vitruve-records.com\/wpvit\/wp-json\/wp\/v2\/types\/page"}],"author":[{"embeddable":true,"href":"https:\/\/vitruve-records.com\/wpvit\/wp-json\/wp\/v2\/users\/1"}],"replies":[{"embeddable":true,"href":"https:\/\/vitruve-records.com\/wpvit\/wp-json\/wp\/v2\/comments?post=619"}],"version-history":[{"count":2,"href":"https:\/\/vitruve-records.com\/wpvit\/wp-json\/wp\/v2\/pages\/619\/revisions"}],"predecessor-version":[{"id":1020,"href":"https:\/\/vitruve-records.com\/wpvit\/wp-json\/wp\/v2\/pages\/619\/revisions\/1020"}],"wp:attachment":[{"href":"https:\/\/vitruve-records.com\/wpvit\/wp-json\/wp\/v2\/media?parent=619"}],"curies":[{"name":"wp","href":"https:\/\/api.w.org\/{rel}","templated":true}]}}