{"id":69,"date":"2021-12-16T01:38:54","date_gmt":"2021-12-16T00:38:54","guid":{"rendered":"https:\/\/vitruve-records.com\/wpvit\/?page_id=69"},"modified":"2023-01-04T19:39:21","modified_gmt":"2023-01-04T18:39:21","slug":"when-the-light-dies","status":"publish","type":"page","link":"https:\/\/vitruve-records.com\/wpvit\/when-the-light-dies\/","title":{"rendered":"When The Light Dies"},"content":{"rendered":"\n<div style=\"height:22px\" aria-hidden=\"true\" class=\"wp-block-spacer\"><\/div>\n\n\n\n<h2 class=\"wp-block-heading\">Bio<\/h2>\n\n\n\n<p>\u00ab When The Light Dies \u00bb (WTLD) est un projet commun bas\u00e9 \u00e0 La Chaux-de-Fonds \/ Suisse. Cr\u00e9\u00e9 en 2009, ce quartet r\u00e9unit des musiciens de longue date tous issus des cendres de groupes r\u00e9gionaux et provenant de milieux musicaux diff\u00e9rents comme le stoner, le metalcore et le neo-m\u00e9tal.<br>Les membres de WTLD ont, \u00e0 la mani\u00e8re de la pierre de Rosette, \u00e9cris chacun un morceau de l\u2019histoire de ce groupe en y mettant leur part musicale en tant que fondation de l\u2019\u00e9difice. L\u2019ensemble se r\u00e9v\u00e8le \u00eatre un postrock\/postmetal efficace compos\u00e9 de titres aux structures longues et \u00e9volutives laissant \u00e0 l\u2019auditeur le temps de s\u2019impr\u00e9gner des ambiances et de se sentir \u00e9voluer parmis leurs m\u00e9andres.<br>Durant la pause \u201ccovidienne\u201d de 2020-2022 le groupe s\u2019est vu \u00e9voluer avec l\u2019ajout d\u2019un 5\u00e8me membre qui contribue non pas en tant que musicien mais en tant que vid\u00e9aste et ajouter ainsi une dimension suppl\u00e9mentaire \u00e0 l\u2019univers du groupe.<\/p>\n\n\n\n<p>Apr\u00e8s la sortie d\u2019un EP en 2013 (enregistr\u00e9 au studio Hummus Records \u00e0 La Chaux-de-Fonds \/ Suisse) par Jonathan Nido (ex-The Ocean \/ Coilguns \/ The Fawn) et mix\u00e9 et masteris\u00e9 par Lo\u00efc Rossetti (The Ocean) au studio Digisub \u00e0 Sion \/ Suisse, WTLD sort en 2017 sous le label suisse Vitruve Records, un premier LP intitul\u00e9 \u201cWAILING OF THE LEONIDS\u201d qui est con\u00e7u comme la narration d\u2019une v\u00e9ritable \u00e9pop\u00e9e sid\u00e9rale \u00e0 la recherche d\u2019un nouveau foyer pour l\u2019humanit\u00e9 toujours sur le m\u00eame label.<\/p>\n\n\n\n<h2 class=\"wp-block-heading\">Links<\/h2>\n\n\n\n<div class=\"wp-block-buttons is-layout-flex wp-block-buttons-is-layout-flex\">\n<div class=\"wp-block-button has-custom-font-size\" style=\"font-size:12px\"><a class=\"wp-block-button__link has-text-color has-background wp-element-button\" href=\"https:\/\/wtld.bandcamp.com\/\" style=\"color:#ffffff;background-color:#000000\" target=\"_blank\" rel=\"noreferrer noopener\">Bandcamp<\/a><\/div>\n<\/div>\n\n\n\n<p><\/p>\n","protected":false},"excerpt":{"rendered":"<p>Bio \u00ab When The Light Dies \u00bb (WTLD) est un projet commun bas\u00e9 \u00e0 La Chaux-de-Fonds \/ Suisse. Cr\u00e9\u00e9 en 2009, ce quartet r\u00e9unit des musiciens de longue date tous&hellip; <\/p>\n<div class=\"readmore-wrapper\"><a href=\"https:\/\/vitruve-records.com\/wpvit\/when-the-light-dies\/\" class=\"more-link\">Read <\/a><\/div>\n","protected":false},"author":1,"featured_media":0,"parent":0,"menu_order":0,"comment_status":"closed","ping_status":"closed","template":"","meta":{"jetpack_post_was_ever_published":false,"footnotes":""},"class_list":["post-69","page","type-page","status-publish","hentry"],"jetpack_sharing_enabled":true,"_links":{"self":[{"href":"https:\/\/vitruve-records.com\/wpvit\/wp-json\/wp\/v2\/pages\/69","targetHints":{"allow":["GET"]}}],"collection":[{"href":"https:\/\/vitruve-records.com\/wpvit\/wp-json\/wp\/v2\/pages"}],"about":[{"href":"https:\/\/vitruve-records.com\/wpvit\/wp-json\/wp\/v2\/types\/page"}],"author":[{"embeddable":true,"href":"https:\/\/vitruve-records.com\/wpvit\/wp-json\/wp\/v2\/users\/1"}],"replies":[{"embeddable":true,"href":"https:\/\/vitruve-records.com\/wpvit\/wp-json\/wp\/v2\/comments?post=69"}],"version-history":[{"count":11,"href":"https:\/\/vitruve-records.com\/wpvit\/wp-json\/wp\/v2\/pages\/69\/revisions"}],"predecessor-version":[{"id":621,"href":"https:\/\/vitruve-records.com\/wpvit\/wp-json\/wp\/v2\/pages\/69\/revisions\/621"}],"wp:attachment":[{"href":"https:\/\/vitruve-records.com\/wpvit\/wp-json\/wp\/v2\/media?parent=69"}],"curies":[{"name":"wp","href":"https:\/\/api.w.org\/{rel}","templated":true}]}}