{"id":78,"date":"2021-12-16T01:49:06","date_gmt":"2021-12-16T00:49:06","guid":{"rendered":"https:\/\/vitruve-records.com\/wpvit\/?page_id=78"},"modified":"2023-01-11T23:06:26","modified_gmt":"2023-01-11T22:06:26","slug":"gran-torino-music","status":"publish","type":"page","link":"https:\/\/vitruve-records.com\/wpvit\/gran-torino-music\/","title":{"rendered":"Gran Torino"},"content":{"rendered":"\n<h2 class=\"wp-block-heading\">Bio<\/h2>\n\n\n\n<p>Imaginez quelque chose d\u2019assez puissant pour vous faire passer de 0 \u00e0 100 en moins d\u2019une seconde. Gran Torino est un groupe \u00e0 voir en live si vous voulez sentir tout votre corps trembler.<\/p>\n\n\n\n<p>Form\u00e9 en 2009, le style musical est pass\u00e9 du m\u00e9tal, au stoner m\u00e9tal, pour finir au stoner rock. Gran Torino est un mix de divers influences qui en font son style (Queen, Red Fang, Qotsa, Eagles of death metal, Kyuss, Maiden, Metallica, Ghost, etc\u2026)<\/p>\n\n\n\n<p>Le changement de musiciens a amen\u00e9 \u00e0 chaque fois un nouveau souffle au groupe et le dernier en date ne devrait pas faire exception \u00e0 la r\u00e8gle.<\/p>\n\n\n\n<div class=\"wp-block-buttons is-layout-flex wp-block-buttons-is-layout-flex\"><\/div>\n\n\n\n<p><\/p>\n","protected":false},"excerpt":{"rendered":"<p>Bio Imaginez quelque chose d\u2019assez puissant pour vous faire passer de 0 \u00e0 100 en moins d\u2019une seconde. Gran Torino est un groupe \u00e0 voir en live si vous voulez&hellip; <\/p>\n<div class=\"readmore-wrapper\"><a href=\"https:\/\/vitruve-records.com\/wpvit\/gran-torino-music\/\" class=\"more-link\">Read <\/a><\/div>\n","protected":false},"author":1,"featured_media":0,"parent":0,"menu_order":0,"comment_status":"closed","ping_status":"closed","template":"","meta":{"jetpack_post_was_ever_published":false,"footnotes":""},"class_list":["post-78","page","type-page","status-publish","hentry"],"jetpack_sharing_enabled":true,"_links":{"self":[{"href":"https:\/\/vitruve-records.com\/wpvit\/wp-json\/wp\/v2\/pages\/78","targetHints":{"allow":["GET"]}}],"collection":[{"href":"https:\/\/vitruve-records.com\/wpvit\/wp-json\/wp\/v2\/pages"}],"about":[{"href":"https:\/\/vitruve-records.com\/wpvit\/wp-json\/wp\/v2\/types\/page"}],"author":[{"embeddable":true,"href":"https:\/\/vitruve-records.com\/wpvit\/wp-json\/wp\/v2\/users\/1"}],"replies":[{"embeddable":true,"href":"https:\/\/vitruve-records.com\/wpvit\/wp-json\/wp\/v2\/comments?post=78"}],"version-history":[{"count":4,"href":"https:\/\/vitruve-records.com\/wpvit\/wp-json\/wp\/v2\/pages\/78\/revisions"}],"predecessor-version":[{"id":654,"href":"https:\/\/vitruve-records.com\/wpvit\/wp-json\/wp\/v2\/pages\/78\/revisions\/654"}],"wp:attachment":[{"href":"https:\/\/vitruve-records.com\/wpvit\/wp-json\/wp\/v2\/media?parent=78"}],"curies":[{"name":"wp","href":"https:\/\/api.w.org\/{rel}","templated":true}]}}