{"id":81,"date":"2021-12-16T01:52:05","date_gmt":"2021-12-16T00:52:05","guid":{"rendered":"https:\/\/vitruve-records.com\/wpvit\/?page_id=81"},"modified":"2022-12-25T20:14:44","modified_gmt":"2022-12-25T19:14:44","slug":"arabelle-the-gallows-birds","status":"publish","type":"page","link":"https:\/\/vitruve-records.com\/wpvit\/arabelle-the-gallows-birds\/","title":{"rendered":"Arabelle &#038; The Gallows Birds"},"content":{"rendered":"\n<h2 class=\"wp-block-heading\">Bio<\/h2>\n\n\n\n<p>Arabelle &amp; The Gallows Birds, groupe suisse bas\u00e9 \u00e0 La Chaux-de-Fonds, creuse sans concession son sillon musical depuis une douzaine d\u2019ann\u00e9es. Les Gallows Birds, actuellement 2 guitaristes et 1 batteur servent les compositions d\u2019Arabelle, autrice-compositrice, chanteuse et bassiste.\u00a0<\/p>\n\n\n\n<p>La musique est tendue, pulse, se d\u00e9lie et se resserre, en une \u00e9nergie lumineuse, m\u00e9lancolique, parfois sombre, autour de la voix qui, par ses \u00e9motions, ses intensit\u00e9s, dicte la mesure et le tempo. Les paroles, imag\u00e9es, empruntent aux forces de la nature et aux mondes oniriques.<\/p>\n\n\n\n<p>On a \u00e9crit que leur musique \u00e9tait romantique et sauvage, po\u00e9tique et envo\u00fbtante ou encore d\u00e9sesp\u00e9r\u00e9e. Ce n\u2019est sans doute pas un hasard si le groupe a eu le privil\u00e8ge de partager la sc\u00e8ne avec des artistes tels que Hugo Race, Lydia Lunch, And Also The Trees, Pierre Omer, The Dead Brothers et quelques autres.<\/p>\n\n\n\n<p>C\u2019est rock, c\u2019est indie rock, c\u2019est Arabelle &amp; The Gallows Birds.<\/p>\n","protected":false},"excerpt":{"rendered":"<p>Bio Arabelle &amp; The Gallows Birds, groupe suisse bas\u00e9 \u00e0 La Chaux-de-Fonds, creuse sans concession son sillon musical depuis une douzaine d\u2019ann\u00e9es. Les Gallows Birds, actuellement 2 guitaristes et 1&hellip; <\/p>\n<div class=\"readmore-wrapper\"><a href=\"https:\/\/vitruve-records.com\/wpvit\/arabelle-the-gallows-birds\/\" class=\"more-link\">Read <\/a><\/div>\n","protected":false},"author":1,"featured_media":0,"parent":0,"menu_order":0,"comment_status":"closed","ping_status":"closed","template":"","meta":{"footnotes":""},"class_list":["post-81","page","type-page","status-publish","hentry"],"jetpack_sharing_enabled":true,"_links":{"self":[{"href":"https:\/\/vitruve-records.com\/wpvit\/wp-json\/wp\/v2\/pages\/81","targetHints":{"allow":["GET"]}}],"collection":[{"href":"https:\/\/vitruve-records.com\/wpvit\/wp-json\/wp\/v2\/pages"}],"about":[{"href":"https:\/\/vitruve-records.com\/wpvit\/wp-json\/wp\/v2\/types\/page"}],"author":[{"embeddable":true,"href":"https:\/\/vitruve-records.com\/wpvit\/wp-json\/wp\/v2\/users\/1"}],"replies":[{"embeddable":true,"href":"https:\/\/vitruve-records.com\/wpvit\/wp-json\/wp\/v2\/comments?post=81"}],"version-history":[{"count":2,"href":"https:\/\/vitruve-records.com\/wpvit\/wp-json\/wp\/v2\/pages\/81\/revisions"}],"predecessor-version":[{"id":515,"href":"https:\/\/vitruve-records.com\/wpvit\/wp-json\/wp\/v2\/pages\/81\/revisions\/515"}],"wp:attachment":[{"href":"https:\/\/vitruve-records.com\/wpvit\/wp-json\/wp\/v2\/media?parent=81"}],"curies":[{"name":"wp","href":"https:\/\/api.w.org\/{rel}","templated":true}]}}