{"id":84,"date":"2021-12-16T01:54:16","date_gmt":"2021-12-16T00:54:16","guid":{"rendered":"https:\/\/vitruve-records.com\/wpvit\/?page_id=84"},"modified":"2026-02-28T18:12:21","modified_gmt":"2026-02-28T17:12:21","slug":"david-robert-callahan","status":"publish","type":"page","link":"https:\/\/vitruve-records.com\/wpvit\/david-robert-callahan\/","title":{"rendered":"David Robert Callahan"},"content":{"rendered":"\n<h2 class=\"wp-block-heading\">Bio<\/h2>\n\n\n\n<p>Au fil des ans, David Robert Callahan a construit son propre monde rempli d&rsquo;\u00e9l\u00e9ments naturels o\u00f9 les paysages agissent et les humains regardent. Vivre et laisser faire, tel pourrait \u00eatre le principe. <\/p>\n\n\n\n<p>Son dernier album, \u00ab\u00a0Among Ghosts\u00a0\u00bb, permet aux personnages de changer l\u00e9g\u00e8rement de d\u00e9cor pendant quelques minutes.\u00a0A travers dix chansons, les fant\u00f4mes parlent une derni\u00e8re fois. Peut-\u00eatre que quelqu&rsquo;un pourra les entendre&#8230;<\/p>\n\n\n\n<p><\/p>\n\n\n\n<h2 class=\"wp-block-heading\">Links<\/h2>\n\n\n\n<p><a href=\"https:\/\/davidrobertcallahan.wordpress.com\/\">https:\/\/davidrobertcallahan.wordpress.com\/<\/a><\/p>\n","protected":false},"excerpt":{"rendered":"<p>Bio Au fil des ans, David Robert Callahan a construit son propre monde rempli d&rsquo;\u00e9l\u00e9ments naturels o\u00f9 les paysages agissent et les humains regardent. Vivre et laisser faire, tel pourrait&hellip; <\/p>\n<div class=\"readmore-wrapper\"><a href=\"https:\/\/vitruve-records.com\/wpvit\/david-robert-callahan\/\" class=\"more-link\">Read <\/a><\/div>\n","protected":false},"author":1,"featured_media":0,"parent":0,"menu_order":0,"comment_status":"closed","ping_status":"closed","template":"","meta":{"jetpack_post_was_ever_published":false,"footnotes":""},"class_list":["post-84","page","type-page","status-publish","hentry"],"jetpack_sharing_enabled":true,"_links":{"self":[{"href":"https:\/\/vitruve-records.com\/wpvit\/wp-json\/wp\/v2\/pages\/84","targetHints":{"allow":["GET"]}}],"collection":[{"href":"https:\/\/vitruve-records.com\/wpvit\/wp-json\/wp\/v2\/pages"}],"about":[{"href":"https:\/\/vitruve-records.com\/wpvit\/wp-json\/wp\/v2\/types\/page"}],"author":[{"embeddable":true,"href":"https:\/\/vitruve-records.com\/wpvit\/wp-json\/wp\/v2\/users\/1"}],"replies":[{"embeddable":true,"href":"https:\/\/vitruve-records.com\/wpvit\/wp-json\/wp\/v2\/comments?post=84"}],"version-history":[{"count":3,"href":"https:\/\/vitruve-records.com\/wpvit\/wp-json\/wp\/v2\/pages\/84\/revisions"}],"predecessor-version":[{"id":616,"href":"https:\/\/vitruve-records.com\/wpvit\/wp-json\/wp\/v2\/pages\/84\/revisions\/616"}],"wp:attachment":[{"href":"https:\/\/vitruve-records.com\/wpvit\/wp-json\/wp\/v2\/media?parent=84"}],"curies":[{"name":"wp","href":"https:\/\/api.w.org\/{rel}","templated":true}]}}